{"id":88,"date":"2025-01-28T12:03:10","date_gmt":"2025-01-28T11:03:10","guid":{"rendered":"https:\/\/aacces-group.com\/?page_id=88"},"modified":"2026-04-29T15:47:31","modified_gmt":"2026-04-29T14:47:31","slug":"confirmation","status":"publish","type":"page","link":"https:\/\/aacces-group.com\/en\/confirmation\/","title":{"rendered":"Confirmation"},"content":{"rendered":"<div class=\"brz-root__container brz-reset-all brz brz-root__container-page\">\n<section id=\"d61de699a68c8fab682b_ymOeKmzWAQ4h\" class=\"brz-section brz-css-1ebrhq9 brz-css-sbdb6s\">\n<div class=\"brz-section__content brz-section--fullWidth brz-css-h726ld brz-css-1xxi1tn\" data-brz-custom-id=\"ha_uwtaP7bI_\">\n<div class=\"brz-bg\">\n<div class=\"brz-bg-color\"><\/div>\n<\/div>\n<div class=\"brz-container brz-css-15i2lxw brz-css-1cs8o1o\">\n<div id=\"\" class=\"brz-css-117nfr1 brz-css-1q8q6u7 brz-wrapper\">\n<div class=\"brz-spacer brz-css-160ah17 brz-css-15lw6dd\"><\/div>\n<\/div>\n<div class=\"brz-wrapper-clone brz-css-xcpgy5\">\n<div class=\"brz-d-xs-flex brz-flex-xs-wrap brz-css-1h8zfzx\" data-brz-custom-id=\"\">\n<div class=\"brz-wrapper-clone__item\" id=\"vZ1eHV9ZoKcM\">\n<div class=\"brz-icon__container\" data-brz-custom-id=\"vZ1eHV9ZoKcM\"><span class=\"brz-icon brz-span brz-css-1i4faio brz-css-n8un2l\"><\/span><\/div>\n<\/div>\n<\/div>\n<\/div>\n<div id=\"\" class=\"brz-css-117nfr1 brz-wrapper\">\n<div class=\"brz-rich-text brz-rich-text__custom brz-css-174awnd\" data-brz-custom-id=\"f0xJX8wLswx8\">\n<div data-brz-translate-text=\"1\">\n<h3 class=\"brz-mt-lg-30 brz-tp-lg-heading3 brz-text-lg-center brz-tp-sm-empty brz-fs-sm-27 brz-fss-sm-px brz-fw-sm-300 brz-ls-sm-m_1 brz-lh-sm-1_3 brz-vfw-sm-400 brz-fwdth-sm-100 brz-fsft-sm-0 brz-tp-xs-empty brz-fs-xs-22 brz-fss-xs-px brz-fw-xs-300 brz-ls-xs-m_0_5 brz-lh-xs-1_3 brz-vfw-xs-400 brz-fwdth-xs-100 brz-fsft-xs-0 brz-css-kpefD\" data-generated-css=\"brz-css-n0VEf\" data-uniq-id=\"iupwY\"><span class=\"brz-cp-color8\">Merci !<\/span><\/h3>\n<\/div>\n<\/div>\n<\/div>\n<div id=\"\" class=\"brz-css-117nfr1 brz-wrapper\">\n<div class=\"brz-rich-text brz-rich-text__custom brz-css-174awnd\" data-brz-custom-id=\"dxmI6LnCWUkp\">\n<div data-brz-translate-text=\"1\">\n<p class=\"brz-text-lg-center brz-tp-lg-tP3el_G25iy4 brz-css-vxoxY\" data-uniq-id=\"dPNdH\" data-generated-css=\"brz-css-jPsbh\"><span class=\"brz-cp-color8\">Le formulaire a \u00e9t\u00e9 soumis avec succ\u00e8s.<\/span><\/p>\n<p class=\"brz-text-lg-center brz-tp-lg-tP3el_G25iy4 brz-css-cd2EK\" data-uniq-id=\"dPNdH\" data-generated-css=\"brz-css-jPsbh\"><span class=\"brz-cp-color8\">Nous reviendrons vers vous dans les plus brefs d\u00e9lais.<\/span><\/p>\n<\/div>\n<\/div>\n<\/div>\n<div id=\"\" class=\"brz-css-117nfr1 brz-css-1q8q6u7 brz-wrapper\">\n<div class=\"brz-spacer brz-css-160ah17 brz-css-acnz3f\"><\/div>\n<\/div>\n<\/div>\n<\/div>\n<\/section>\n<\/div>\n<p>    <!-- version:1746595069 --><\/p>","protected":false},"excerpt":{"rendered":"<p>Merci ! Le formulaire a \u00e9t\u00e9 soumis avec succ\u00e8s. Nous reviendrons vers vous dans les plus brefs d\u00e9lais.<\/p>","protected":false},"author":1,"featured_media":0,"parent":0,"menu_order":8,"comment_status":"closed","ping_status":"closed","template":"brizy-blank-template.php","meta":{"ocean_post_layout":"","ocean_both_sidebars_style":"","ocean_both_sidebars_content_width":0,"ocean_both_sidebars_sidebars_width":0,"ocean_sidebar":"","ocean_second_sidebar":"","ocean_disable_margins":"enable","ocean_add_body_class":"","ocean_shortcode_before_top_bar":"","ocean_shortcode_after_top_bar":"","ocean_shortcode_before_header":"","ocean_shortcode_after_header":"","ocean_has_shortcode":"","ocean_shortcode_after_title":"","ocean_shortcode_before_footer_widgets":"","ocean_shortcode_after_footer_widgets":"","ocean_shortcode_before_footer_bottom":"","ocean_shortcode_after_footer_bottom":"","ocean_display_top_bar":"default","ocean_display_header":"default","ocean_header_style":"","ocean_center_header_left_menu":"","ocean_custom_header_template":"","ocean_custom_logo":0,"ocean_custom_retina_logo":0,"ocean_custom_logo_max_width":0,"ocean_custom_logo_tablet_max_width":0,"ocean_custom_logo_mobile_max_width":0,"ocean_custom_logo_max_height":0,"ocean_custom_logo_tablet_max_height":0,"ocean_custom_logo_mobile_max_height":0,"ocean_header_custom_menu":"","ocean_menu_typo_font_family":"","ocean_menu_typo_font_subset":"","ocean_menu_typo_font_size":0,"ocean_menu_typo_font_size_tablet":0,"ocean_menu_typo_font_size_mobile":0,"ocean_menu_typo_font_size_unit":"px","ocean_menu_typo_font_weight":"","ocean_menu_typo_font_weight_tablet":"","ocean_menu_typo_font_weight_mobile":"","ocean_menu_typo_transform":"","ocean_menu_typo_transform_tablet":"","ocean_menu_typo_transform_mobile":"","ocean_menu_typo_line_height":0,"ocean_menu_typo_line_height_tablet":0,"ocean_menu_typo_line_height_mobile":0,"ocean_menu_typo_line_height_unit":"","ocean_menu_typo_spacing":0,"ocean_menu_typo_spacing_tablet":0,"ocean_menu_typo_spacing_mobile":0,"ocean_menu_typo_spacing_unit":"","ocean_menu_link_color":"","ocean_menu_link_color_hover":"","ocean_menu_link_color_active":"","ocean_menu_link_background":"","ocean_menu_link_hover_background":"","ocean_menu_link_active_background":"","ocean_menu_social_links_bg":"","ocean_menu_social_hover_links_bg":"","ocean_menu_social_links_color":"","ocean_menu_social_hover_links_color":"","ocean_disable_title":"default","ocean_disable_heading":"default","ocean_post_title":"","ocean_post_subheading":"","ocean_post_title_style":"","ocean_post_title_background_color":"","ocean_post_title_background":0,"ocean_post_title_bg_image_position":"","ocean_post_title_bg_image_attachment":"","ocean_post_title_bg_image_repeat":"","ocean_post_title_bg_image_size":"","ocean_post_title_height":0,"ocean_post_title_bg_overlay":0.5,"ocean_post_title_bg_overlay_color":"","ocean_disable_breadcrumbs":"default","ocean_breadcrumbs_color":"","ocean_breadcrumbs_separator_color":"","ocean_breadcrumbs_links_color":"","ocean_breadcrumbs_links_hover_color":"","ocean_display_footer_widgets":"default","ocean_display_footer_bottom":"default","ocean_custom_footer_template":"","footnotes":""},"class_list":["post-88","page","type-page","status-publish","hentry","entry"],"yoast_head":"<!-- This site is optimized with the Yoast SEO plugin v27.4 - https:\/\/yoast.com\/product\/yoast-seo-wordpress\/ -->\n<title>Confirmation - AACCES<\/title>\n<meta name=\"description\" content=\"Votre inscription a bien \u00e9t\u00e9 envoy\u00e9e. Nous vous contacterons sous peu pour confirmer votre participation et vous fournir les prochaines \u00e9tapes.\" \/>\n<meta name=\"robots\" content=\"index, follow, max-snippet:-1, max-image-preview:large, max-video-preview:-1\" \/>\n<link rel=\"canonical\" href=\"https:\/\/aacces-group.com\/en\/confirmation\/\" \/>\n<meta property=\"og:locale\" content=\"en_US\" \/>\n<meta property=\"og:type\" content=\"article\" \/>\n<meta property=\"og:title\" content=\"Confirmation - AACCES\" \/>\n<meta property=\"og:description\" content=\"Votre inscription a bien \u00e9t\u00e9 envoy\u00e9e. Nous vous contacterons sous peu pour confirmer votre participation et vous fournir les prochaines \u00e9tapes.\" \/>\n<meta property=\"og:url\" content=\"https:\/\/aacces-group.com\/en\/confirmation\/\" \/>\n<meta property=\"og:site_name\" content=\"AACCES\" \/>\n<meta property=\"article:modified_time\" content=\"2026-04-29T14:47:31+00:00\" \/>\n<meta property=\"og:image\" content=\"https:\/\/aacces-group.com\/wp-content\/uploads\/2025\/02\/20220610_102921-2-scaled.jpg\" \/>\n\t<meta property=\"og:image:width\" content=\"2560\" \/>\n\t<meta property=\"og:image:height\" content=\"1244\" \/>\n\t<meta property=\"og:image:type\" content=\"image\/jpeg\" \/>\n<meta name=\"twitter:card\" content=\"summary_large_image\" \/>\n<meta name=\"twitter:site\" content=\"@AACCES_safetyT\" \/>\n<meta name=\"twitter:label1\" content=\"Est. reading time\" \/>\n\t<meta name=\"twitter:data1\" content=\"1 minute\" \/>\n<script type=\"application\/ld+json\" class=\"yoast-schema-graph\">{\"@context\":\"https:\\\/\\\/schema.org\",\"@graph\":[{\"@type\":\"WebPage\",\"@id\":\"https:\\\/\\\/aacces-group.com\\\/en\\\/confirmation\\\/\",\"url\":\"https:\\\/\\\/aacces-group.com\\\/en\\\/confirmation\\\/\",\"name\":\"Confirmation - AACCES\",\"isPartOf\":{\"@id\":\"https:\\\/\\\/aacces-group.com\\\/#website\"},\"datePublished\":\"2025-01-28T11:03:10+00:00\",\"dateModified\":\"2026-04-29T14:47:31+00:00\",\"description\":\"Votre inscription a bien \u00e9t\u00e9 envoy\u00e9e. Nous vous contacterons sous peu pour confirmer votre participation et vous fournir les prochaines \u00e9tapes.\",\"breadcrumb\":{\"@id\":\"https:\\\/\\\/aacces-group.com\\\/en\\\/confirmation\\\/#breadcrumb\"},\"inLanguage\":\"en-US\",\"potentialAction\":[{\"@type\":\"ReadAction\",\"target\":[\"https:\\\/\\\/aacces-group.com\\\/en\\\/confirmation\\\/\"]}]},{\"@type\":\"BreadcrumbList\",\"@id\":\"https:\\\/\\\/aacces-group.com\\\/en\\\/confirmation\\\/#breadcrumb\",\"itemListElement\":[{\"@type\":\"ListItem\",\"position\":1,\"name\":\"Home\",\"item\":\"https:\\\/\\\/aacces-group.com\\\/\"},{\"@type\":\"ListItem\",\"position\":2,\"name\":\"Confirmation\"}]},{\"@type\":\"WebSite\",\"@id\":\"https:\\\/\\\/aacces-group.com\\\/#website\",\"url\":\"https:\\\/\\\/aacces-group.com\\\/\",\"name\":\"AACCES\",\"description\":\"L\u2019EXPERTISE AU PROFIT DU D\u00c9VELOPPEMENT ET DE LA FORMATION\",\"publisher\":{\"@id\":\"https:\\\/\\\/aacces-group.com\\\/#organization\"},\"potentialAction\":[{\"@type\":\"SearchAction\",\"target\":{\"@type\":\"EntryPoint\",\"urlTemplate\":\"https:\\\/\\\/aacces-group.com\\\/?s={search_term_string}\"},\"query-input\":{\"@type\":\"PropertyValueSpecification\",\"valueRequired\":true,\"valueName\":\"search_term_string\"}}],\"inLanguage\":\"en-US\"},{\"@type\":\"Organization\",\"@id\":\"https:\\\/\\\/aacces-group.com\\\/#organization\",\"name\":\"AACCES\",\"url\":\"https:\\\/\\\/aacces-group.com\\\/\",\"logo\":{\"@type\":\"ImageObject\",\"inLanguage\":\"en-US\",\"@id\":\"https:\\\/\\\/aacces-group.com\\\/#\\\/schema\\\/logo\\\/image\\\/\",\"url\":\"https:\\\/\\\/aacces-group.com\\\/wp-content\\\/uploads\\\/2025\\\/02\\\/aacces-logo-one-colour-rgb-864px@72ppi.png\",\"contentUrl\":\"https:\\\/\\\/aacces-group.com\\\/wp-content\\\/uploads\\\/2025\\\/02\\\/aacces-logo-one-colour-rgb-864px@72ppi.png\",\"width\":864,\"height\":168,\"caption\":\"AACCES\"},\"image\":{\"@id\":\"https:\\\/\\\/aacces-group.com\\\/#\\\/schema\\\/logo\\\/image\\\/\"},\"sameAs\":[\"https:\\\/\\\/x.com\\\/AACCES_safetyT\",\"https:\\\/\\\/www.instagram.com\\\/training_aacces\",\"https:\\\/\\\/www.linkedin.com\\\/company\\\/aacces-development-niger\"]}]}<\/script>\n<!-- \/ Yoast SEO plugin. -->","yoast_head_json":{"title":"Confirmation - AACCES","description":"Votre inscription a bien \u00e9t\u00e9 envoy\u00e9e. Nous vous contacterons sous peu pour confirmer votre participation et vous fournir les prochaines \u00e9tapes.","robots":{"index":"index","follow":"follow","max-snippet":"max-snippet:-1","max-image-preview":"max-image-preview:large","max-video-preview":"max-video-preview:-1"},"canonical":"https:\/\/aacces-group.com\/en\/confirmation\/","og_locale":"en_US","og_type":"article","og_title":"Confirmation - AACCES","og_description":"Votre inscription a bien \u00e9t\u00e9 envoy\u00e9e. Nous vous contacterons sous peu pour confirmer votre participation et vous fournir les prochaines \u00e9tapes.","og_url":"https:\/\/aacces-group.com\/en\/confirmation\/","og_site_name":"AACCES","article_modified_time":"2026-04-29T14:47:31+00:00","og_image":[{"width":2560,"height":1244,"url":"https:\/\/aacces-group.com\/wp-content\/uploads\/2025\/02\/20220610_102921-2-scaled.jpg","type":"image\/jpeg"}],"twitter_card":"summary_large_image","twitter_site":"@AACCES_safetyT","twitter_misc":{"Est. reading time":"1 minute"},"schema":{"@context":"https:\/\/schema.org","@graph":[{"@type":"WebPage","@id":"https:\/\/aacces-group.com\/en\/confirmation\/","url":"https:\/\/aacces-group.com\/en\/confirmation\/","name":"Confirmation - AACCES","isPartOf":{"@id":"https:\/\/aacces-group.com\/#website"},"datePublished":"2025-01-28T11:03:10+00:00","dateModified":"2026-04-29T14:47:31+00:00","description":"Votre inscription a bien \u00e9t\u00e9 envoy\u00e9e. Nous vous contacterons sous peu pour confirmer votre participation et vous fournir les prochaines \u00e9tapes.","breadcrumb":{"@id":"https:\/\/aacces-group.com\/en\/confirmation\/#breadcrumb"},"inLanguage":"en-US","potentialAction":[{"@type":"ReadAction","target":["https:\/\/aacces-group.com\/en\/confirmation\/"]}]},{"@type":"BreadcrumbList","@id":"https:\/\/aacces-group.com\/en\/confirmation\/#breadcrumb","itemListElement":[{"@type":"ListItem","position":1,"name":"Home","item":"https:\/\/aacces-group.com\/"},{"@type":"ListItem","position":2,"name":"Confirmation"}]},{"@type":"WebSite","@id":"https:\/\/aacces-group.com\/#website","url":"https:\/\/aacces-group.com\/","name":"AACCES","description":"L\u2019EXPERTISE AU PROFIT DU D\u00c9VELOPPEMENT ET DE LA FORMATION","publisher":{"@id":"https:\/\/aacces-group.com\/#organization"},"potentialAction":[{"@type":"SearchAction","target":{"@type":"EntryPoint","urlTemplate":"https:\/\/aacces-group.com\/?s={search_term_string}"},"query-input":{"@type":"PropertyValueSpecification","valueRequired":true,"valueName":"search_term_string"}}],"inLanguage":"en-US"},{"@type":"Organization","@id":"https:\/\/aacces-group.com\/#organization","name":"AACCES","url":"https:\/\/aacces-group.com\/","logo":{"@type":"ImageObject","inLanguage":"en-US","@id":"https:\/\/aacces-group.com\/#\/schema\/logo\/image\/","url":"https:\/\/aacces-group.com\/wp-content\/uploads\/2025\/02\/aacces-logo-one-colour-rgb-864px@72ppi.png","contentUrl":"https:\/\/aacces-group.com\/wp-content\/uploads\/2025\/02\/aacces-logo-one-colour-rgb-864px@72ppi.png","width":864,"height":168,"caption":"AACCES"},"image":{"@id":"https:\/\/aacces-group.com\/#\/schema\/logo\/image\/"},"sameAs":["https:\/\/x.com\/AACCES_safetyT","https:\/\/www.instagram.com\/training_aacces","https:\/\/www.linkedin.com\/company\/aacces-development-niger"]}]}},"brizy_media":[],"_links":{"self":[{"href":"https:\/\/aacces-group.com\/en\/wp-json\/wp\/v2\/pages\/88","targetHints":{"allow":["GET"]}}],"collection":[{"href":"https:\/\/aacces-group.com\/en\/wp-json\/wp\/v2\/pages"}],"about":[{"href":"https:\/\/aacces-group.com\/en\/wp-json\/wp\/v2\/types\/page"}],"author":[{"embeddable":true,"href":"https:\/\/aacces-group.com\/en\/wp-json\/wp\/v2\/users\/1"}],"replies":[{"embeddable":true,"href":"https:\/\/aacces-group.com\/en\/wp-json\/wp\/v2\/comments?post=88"}],"version-history":[{"count":11,"href":"https:\/\/aacces-group.com\/en\/wp-json\/wp\/v2\/pages\/88\/revisions"}],"predecessor-version":[{"id":2604,"href":"https:\/\/aacces-group.com\/en\/wp-json\/wp\/v2\/pages\/88\/revisions\/2604"}],"wp:attachment":[{"href":"https:\/\/aacces-group.com\/en\/wp-json\/wp\/v2\/media?parent=88"}],"curies":[{"name":"wp","href":"https:\/\/api.w.org\/{rel}","templated":true}]}}